{"id":4644,"date":"2024-11-21T20:18:36","date_gmt":"2024-11-21T20:18:36","guid":{"rendered":"http:\/\/h.local\/pl\/?page_id=4644"},"modified":"2024-11-22T21:24:58","modified_gmt":"2024-11-22T21:24:58","slug":"pl-halotan-records-informacje","status":"publish","type":"page","link":"https:\/\/halotan.net\/pl\/pl-halotan-records-informacje","title":{"rendered":"O Halotan Records"},"content":{"rendered":"\n<p><a href=\"https:\/\/halotan.net\/wp-admin\/edit.php?post_type=page\"><\/a><a href=\"https:\/\/halotan.net\/pl-halotan-records-informacje\" target=\"_blank\" rel=\"noreferrer noopener\"><\/a><\/p>\n\n\n\n<p id=\"block-83cbdb71-2c39-450c-a2f5-0f586e498917\">Halotan Records to podziemna polska wytw\u00f3rnia p\u0142ytowa skupiona g\u0142\u00f3wnie na <strong>scenie dark electro, industrial, goth<\/strong>. Powstali\u015bmy w roku 2010-tym.<\/p>\n\n\n\n<p>Obecnie powracamy po d\u0142u\u017cszej nieobecno\u015bci. Naszym pierwszym wydawnictwem po przerwie by\u0142a sk\u0142adanka Halotan Sounds 3 (2024). <\/p>\n\n\n\n<p>Wydali\u015bmy j\u0105 wsp\u00f3lnie z festiwalem Castle Party kt\u00f3ry wzi\u0105\u0142 na siebie produkcj\u0119 fizycznej p\u0142yty podczas gdy my zaj\u0119li\u015bmy si\u0119 wersj\u0105 cyfrow\u0105, ok\u0142adkami, masterem itd.<\/p>\n\n\n\n<p id=\"block-ac4689a4-3c5f-488f-b2b4-245ab8a2cb5d\">To fajny i symboliczny powr\u00f3t bo naszym pierwszym wydawnictwem by\u0142a sk\u0142adanka polskiej sceny dark, <a href=\"https:\/\/halotan.net\/music\/va-halotan-sounds-1\">Halotan Sounds 1<\/a> (2010).<\/p>\n\n\n\n<p id=\"block-a0719417-fede-4c31-9e44-1b1a539da9b8\">Od tamtego czasu wydali\u015bmy ponad 50 tytu\u0142\u00f3w &#8211; ostatni kod p\u0142yty to HLR-53. <\/p>\n\n\n\n<p id=\"block-a0719417-fede-4c31-9e44-1b1a539da9b8\"><strong>Nasze wydania by\u0142y i s\u0105 gara\u017cowe, podziemne.<\/strong> U\u017cywamy formatu CD-R bo nie powoduje on du\u017cych wst\u0119pnych koszt\u00f3w.<\/p>\n\n\n\n<p id=\"block-3b10449f-0960-44a7-9b80-d088f41f9335\">Wydana tak p\u0142yta nie ust\u0119puje w zasadzie wygl\u0105dem p\u0142ycie wyprodukowanej w t\u0142oczni. Brzmi tak samo.<\/p>\n\n\n\n<p id=\"block-ce2e986e-2513-44a9-8b3a-16cffdf72a97\">Od pocz\u0105tk\u00f3w naszej dzia\u0142alno\u015bci g\u0142osili\u015bmy do\u015b\u0107 nietypowe pogl\u0105dy na temat promocji muzyki. Nie akceptowali\u015bmy rozumowania \u017ce je\u015bli wszyscy robi\u0105 co\u015b w dany spos\u00f3b to znaczy \u017ce tak jest najlepiej.<\/p>\n\n\n\n<p id=\"block-590b8d6a-dab8-4feb-b9a3-33a740b466f7\">Rozpoznawalno\u015b\u0107 labelu w Polsce i nasze coraz \u015bmielsze pr\u00f3by wyp\u0142ywania poza kraj pokaza\u0142y \u017ce chyba co\u015b robili\u015bmy dobrze. <\/p>\n\n\n\n<p id=\"block-f548a683-e4b4-46a2-b9e8-394d7c1e261a\">Na skutek standardowej mieszanki osobistych problem\u00f3w i innych zaj\u0119\u0107 oko\u0142o roku 2016-stego dzia\u0142alno\u015b\u0107 labelu zamar\u0142a.<\/p>\n\n\n\n<p id=\"block-04ebabc4-879b-483b-a763-85eab48be321\">Pierwsze prace nad przywr\u00f3ceniem labelu do \u017cycia rozpocz\u0119\u0142y si\u0119 latem 2023. <\/p>\n\n\n\n<p id=\"block-3d0bc17b-d672-46e8-8a9d-7b4dd084ebdf\">Czasy si\u0119 zmieni\u0142y (jak zawsze), dlatego i my szukamy teraz swojej niszy, swojego nowego miejsca.<\/p>\n\n\n\n<p id=\"block-7ea44edf-b1c3-4f90-80fe-43095235abc1\">W tej chwili skupimy si\u0119 na wydawaniu sk\u0142adanek bo to ma najwi\u0119kszy efekt. Pomagamy w ten spos\u00f3b za jednym razem du\u017cej ilo\u015bci zespo\u0142\u00f3w w dotarciu do s\u0142uchaczy.<\/p>\n\n\n\n<p id=\"block-54716a4c-5408-404c-be84-a2711443f7ec\">Jednocze\u015bnie nikogo tym do siebie nie przywi\u0105zujemy.<\/p>\n\n\n\n<p id=\"block-215dcaec-b800-419f-8b41-a990a0010dec\">Chcieliby\u015bmy zawalczy\u0107 o ten obszar muzyczny kt\u00f3ry nie jest kontrolowany przez korporacje. To wcale nie musi by\u0107 tak \u017ce <a href=\"https:\/\/halotan.net\/pl\/blog-pl\/niezalezne-zespoly-na-lasce-korporacji-facebook-i-bandcamp.html\">Fejsik wraz a Bandcampem s\u0105 faktycznymi w\u0142a\u015bcicielami zespo\u0142\u00f3w.<\/a><\/p>\n\n\n\n<p id=\"block-6b0082b5-3a56-41e6-a285-cca1c9b751a5\">Nie mamy profilu na Bandcampie, nie dzia\u0142amy na Spotify itp. Nie wchodzimy wi\u0119c w drog\u0119 ani zespo\u0142om, ani innym labelom.<\/p>\n\n\n\n<p id=\"block-e3d91393-beed-4a74-8bd9-e81c7ddb25d2\">Szukamy naszego miejsca w tej pustce gdzie nie si\u0119gaj\u0105 pazerne \u0142apy korpos\u00f3w &#8211; wi\u0119c z nikim nie mamy konfliktu interes\u00f3w. My nie musimy ani nawet nie chcemy zarabia\u0107 &#8211; Halotan to hobby. <\/p>\n\n\n\n<p id=\"block-cd6a847f-608e-46ed-a590-f4ddbcc5f0c5\">Czy to ma sens? Mo\u017ce i nie ma, ale nazywanie siebie &#8222;niezale\u017cnym&#8221; i &#8222;podziemnym&#8221; zobowi\u0105zuje.<\/p>\n\n\n\n<p id=\"block-d60af036-62a7-4dff-924b-f82e1a74fbd3\">Kto ma si\u0119 buntowa\u0107 jak nie my?<\/p>\n","protected":false},"excerpt":{"rendered":"<p>Halotan Records to podziemna polska wytw\u00f3rnia p\u0142ytowa skupiona g\u0142\u00f3wnie na scenie dark electro, industrial, goth. Powstali\u015bmy w roku 2010-tym. Obecnie [&hellip;]<\/p>\n","protected":false},"author":1,"featured_media":2571,"parent":0,"menu_order":0,"comment_status":"closed","ping_status":"closed","template":"","meta":{"site-sidebar-layout":"default","site-content-layout":"","ast-site-content-layout":"narrow-width-container","site-content-style":"default","site-sidebar-style":"default","ast-global-header-display":"","ast-banner-title-visibility":"","ast-main-header-display":"","ast-hfb-above-header-display":"","ast-hfb-below-header-display":"","ast-hfb-mobile-header-display":"","site-post-title":"","ast-breadcrumbs-content":"","ast-featured-img":"","footer-sml-layout":"","ast-disable-related-posts":"","theme-transparent-header-meta":"","adv-header-id-meta":"","stick-header-meta":"","header-above-stick-meta":"","header-main-stick-meta":"","header-below-stick-meta":"","astra-migrate-meta-layouts":"default","ast-page-background-enabled":"default","ast-page-background-meta":{"desktop":{"background-color":"var(--ast-global-color-4)","background-image":"","background-repeat":"repeat","background-position":"center center","background-size":"auto","background-attachment":"scroll","background-type":"","background-media":"","overlay-type":"","overlay-color":"","overlay-opacity":"","overlay-gradient":""},"tablet":{"background-color":"","background-image":"","background-repeat":"repeat","background-position":"center center","background-size":"auto","background-attachment":"scroll","background-type":"","background-media":"","overlay-type":"","overlay-color":"","overlay-opacity":"","overlay-gradient":""},"mobile":{"background-color":"","background-image":"","background-repeat":"repeat","background-position":"center center","background-size":"auto","background-attachment":"scroll","background-type":"","background-media":"","overlay-type":"","overlay-color":"","overlay-opacity":"","overlay-gradient":""}},"ast-content-background-meta":{"desktop":{"background-color":"var(--ast-global-color-5)","background-image":"","background-repeat":"repeat","background-position":"center center","background-size":"auto","background-attachment":"scroll","background-type":"","background-media":"","overlay-type":"","overlay-color":"","overlay-opacity":"","overlay-gradient":""},"tablet":{"background-color":"var(--ast-global-color-5)","background-image":"","background-repeat":"repeat","background-position":"center center","background-size":"auto","background-attachment":"scroll","background-type":"","background-media":"","overlay-type":"","overlay-color":"","overlay-opacity":"","overlay-gradient":""},"mobile":{"background-color":"var(--ast-global-color-5)","background-image":"","background-repeat":"repeat","background-position":"center center","background-size":"auto","background-attachment":"scroll","background-type":"","background-media":"","overlay-type":"","overlay-color":"","overlay-opacity":"","overlay-gradient":""}},"footnotes":""},"class_list":["post-4644","page","type-page","status-publish","has-post-thumbnail","hentry"],"yoast_head":"<!-- This site is optimized with the Yoast SEO plugin v27.0 - https:\/\/yoast.com\/product\/yoast-seo-wordpress\/ -->\n<title>O Halotan Records - Halotan Records PL<\/title>\n<meta name=\"robots\" content=\"index, follow, max-snippet:-1, max-image-preview:large, max-video-preview:-1\" \/>\n<link rel=\"canonical\" href=\"https:\/\/halotan.net\/pl\/pl-halotan-records-informacje\" \/>\n<meta property=\"og:locale\" content=\"pl_PL\" \/>\n<meta property=\"og:type\" content=\"article\" \/>\n<meta property=\"og:title\" content=\"O Halotan Records - Halotan Records PL\" \/>\n<meta property=\"og:description\" content=\"Halotan Records to podziemna polska wytw\u00f3rnia p\u0142ytowa skupiona g\u0142\u00f3wnie na scenie dark electro, industrial, goth. Powstali\u015bmy w roku 2010-tym. Obecnie [&hellip;]\" \/>\n<meta property=\"og:url\" content=\"https:\/\/halotan.net\/pl\/pl-halotan-records-informacje\" \/>\n<meta property=\"og:site_name\" content=\"Halotan Records PL\" \/>\n<meta property=\"article:publisher\" content=\"https:\/\/www.facebook.com\/halotan\" \/>\n<meta property=\"article:modified_time\" content=\"2024-11-22T21:24:58+00:00\" \/>\n<meta property=\"og:image\" content=\"https:\/\/halotan.net\/pl\/wp-content\/uploads\/sites\/2\/2013\/05\/1-scaled.jpg\" \/>\n\t<meta property=\"og:image:width\" content=\"2560\" \/>\n\t<meta property=\"og:image:height\" content=\"1720\" \/>\n\t<meta property=\"og:image:type\" content=\"image\/jpeg\" \/>\n<meta name=\"twitter:card\" content=\"summary_large_image\" \/>\n<meta name=\"twitter:label1\" content=\"Szacowany czas czytania\" \/>\n\t<meta name=\"twitter:data1\" content=\"2 minuty\" \/>\n<script type=\"application\/ld+json\" class=\"yoast-schema-graph\">{\"@context\":\"https:\/\/schema.org\",\"@graph\":[{\"@type\":\"WebPage\",\"@id\":\"https:\/\/halotan.net\/pl\/pl-halotan-records-informacje\",\"url\":\"https:\/\/halotan.net\/pl\/pl-halotan-records-informacje\",\"name\":\"O Halotan Records - Halotan Records PL\",\"isPartOf\":{\"@id\":\"https:\/\/halotan.net\/pl\/#website\"},\"primaryImageOfPage\":{\"@id\":\"https:\/\/halotan.net\/pl\/pl-halotan-records-informacje#primaryimage\"},\"image\":{\"@id\":\"https:\/\/halotan.net\/pl\/pl-halotan-records-informacje#primaryimage\"},\"thumbnailUrl\":\"https:\/\/halotan.net\/pl\/wp-content\/uploads\/sites\/2\/2013\/05\/1-scaled.jpg\",\"datePublished\":\"2024-11-21T20:18:36+00:00\",\"dateModified\":\"2024-11-22T21:24:58+00:00\",\"breadcrumb\":{\"@id\":\"https:\/\/halotan.net\/pl\/pl-halotan-records-informacje#breadcrumb\"},\"inLanguage\":\"pl-PL\",\"potentialAction\":[{\"@type\":\"ReadAction\",\"target\":[\"https:\/\/halotan.net\/pl\/pl-halotan-records-informacje\"]}]},{\"@type\":\"ImageObject\",\"inLanguage\":\"pl-PL\",\"@id\":\"https:\/\/halotan.net\/pl\/pl-halotan-records-informacje#primaryimage\",\"url\":\"https:\/\/halotan.net\/pl\/wp-content\/uploads\/sites\/2\/2013\/05\/1-scaled.jpg\",\"contentUrl\":\"https:\/\/halotan.net\/pl\/wp-content\/uploads\/sites\/2\/2013\/05\/1-scaled.jpg\",\"width\":2560,\"height\":1720},{\"@type\":\"BreadcrumbList\",\"@id\":\"https:\/\/halotan.net\/pl\/pl-halotan-records-informacje#breadcrumb\",\"itemListElement\":[{\"@type\":\"ListItem\",\"position\":1,\"name\":\"Home\",\"item\":\"https:\/\/halotan.net\/pl\"},{\"@type\":\"ListItem\",\"position\":2,\"name\":\"O Halotan Records\"}]},{\"@type\":\"WebSite\",\"@id\":\"https:\/\/halotan.net\/pl\/#website\",\"url\":\"https:\/\/halotan.net\/pl\/\",\"name\":\"Halotan Records PL\",\"description\":\"\",\"publisher\":{\"@id\":\"https:\/\/halotan.net\/pl\/#organization\"},\"potentialAction\":[{\"@type\":\"SearchAction\",\"target\":{\"@type\":\"EntryPoint\",\"urlTemplate\":\"https:\/\/halotan.net\/pl\/?s={search_term_string}\"},\"query-input\":{\"@type\":\"PropertyValueSpecification\",\"valueRequired\":true,\"valueName\":\"search_term_string\"}}],\"inLanguage\":\"pl-PL\"},{\"@type\":\"Organization\",\"@id\":\"https:\/\/halotan.net\/pl\/#organization\",\"name\":\"Halotan Records PL\",\"url\":\"https:\/\/halotan.net\/pl\/\",\"logo\":{\"@type\":\"ImageObject\",\"inLanguage\":\"pl-PL\",\"@id\":\"https:\/\/halotan.net\/pl\/#\/schema\/logo\/image\/\",\"url\":\"https:\/\/halotan.net\/pl\/wp-content\/uploads\/sites\/2\/2024\/11\/cropped-halotan-records-logo.png\",\"contentUrl\":\"https:\/\/halotan.net\/pl\/wp-content\/uploads\/sites\/2\/2024\/11\/cropped-halotan-records-logo.png\",\"width\":534,\"height\":174,\"caption\":\"Halotan Records PL\"},\"image\":{\"@id\":\"https:\/\/halotan.net\/pl\/#\/schema\/logo\/image\/\"},\"sameAs\":[\"https:\/\/www.facebook.com\/halotan\",\"https:\/\/youtube.com\/@halotanrecords\"]}]}<\/script>\n<!-- \/ Yoast SEO plugin. -->","yoast_head_json":{"title":"O Halotan Records - Halotan Records PL","robots":{"index":"index","follow":"follow","max-snippet":"max-snippet:-1","max-image-preview":"max-image-preview:large","max-video-preview":"max-video-preview:-1"},"canonical":"https:\/\/halotan.net\/pl\/pl-halotan-records-informacje","og_locale":"pl_PL","og_type":"article","og_title":"O Halotan Records - Halotan Records PL","og_description":"Halotan Records to podziemna polska wytw\u00f3rnia p\u0142ytowa skupiona g\u0142\u00f3wnie na scenie dark electro, industrial, goth. Powstali\u015bmy w roku 2010-tym. Obecnie [&hellip;]","og_url":"https:\/\/halotan.net\/pl\/pl-halotan-records-informacje","og_site_name":"Halotan Records PL","article_publisher":"https:\/\/www.facebook.com\/halotan","article_modified_time":"2024-11-22T21:24:58+00:00","og_image":[{"width":2560,"height":1720,"url":"https:\/\/halotan.net\/pl\/wp-content\/uploads\/sites\/2\/2013\/05\/1-scaled.jpg","type":"image\/jpeg"}],"twitter_card":"summary_large_image","twitter_misc":{"Szacowany czas czytania":"2 minuty"},"schema":{"@context":"https:\/\/schema.org","@graph":[{"@type":"WebPage","@id":"https:\/\/halotan.net\/pl\/pl-halotan-records-informacje","url":"https:\/\/halotan.net\/pl\/pl-halotan-records-informacje","name":"O Halotan Records - Halotan Records PL","isPartOf":{"@id":"https:\/\/halotan.net\/pl\/#website"},"primaryImageOfPage":{"@id":"https:\/\/halotan.net\/pl\/pl-halotan-records-informacje#primaryimage"},"image":{"@id":"https:\/\/halotan.net\/pl\/pl-halotan-records-informacje#primaryimage"},"thumbnailUrl":"https:\/\/halotan.net\/pl\/wp-content\/uploads\/sites\/2\/2013\/05\/1-scaled.jpg","datePublished":"2024-11-21T20:18:36+00:00","dateModified":"2024-11-22T21:24:58+00:00","breadcrumb":{"@id":"https:\/\/halotan.net\/pl\/pl-halotan-records-informacje#breadcrumb"},"inLanguage":"pl-PL","potentialAction":[{"@type":"ReadAction","target":["https:\/\/halotan.net\/pl\/pl-halotan-records-informacje"]}]},{"@type":"ImageObject","inLanguage":"pl-PL","@id":"https:\/\/halotan.net\/pl\/pl-halotan-records-informacje#primaryimage","url":"https:\/\/halotan.net\/pl\/wp-content\/uploads\/sites\/2\/2013\/05\/1-scaled.jpg","contentUrl":"https:\/\/halotan.net\/pl\/wp-content\/uploads\/sites\/2\/2013\/05\/1-scaled.jpg","width":2560,"height":1720},{"@type":"BreadcrumbList","@id":"https:\/\/halotan.net\/pl\/pl-halotan-records-informacje#breadcrumb","itemListElement":[{"@type":"ListItem","position":1,"name":"Home","item":"https:\/\/halotan.net\/pl"},{"@type":"ListItem","position":2,"name":"O Halotan Records"}]},{"@type":"WebSite","@id":"https:\/\/halotan.net\/pl\/#website","url":"https:\/\/halotan.net\/pl\/","name":"Halotan Records PL","description":"","publisher":{"@id":"https:\/\/halotan.net\/pl\/#organization"},"potentialAction":[{"@type":"SearchAction","target":{"@type":"EntryPoint","urlTemplate":"https:\/\/halotan.net\/pl\/?s={search_term_string}"},"query-input":{"@type":"PropertyValueSpecification","valueRequired":true,"valueName":"search_term_string"}}],"inLanguage":"pl-PL"},{"@type":"Organization","@id":"https:\/\/halotan.net\/pl\/#organization","name":"Halotan Records PL","url":"https:\/\/halotan.net\/pl\/","logo":{"@type":"ImageObject","inLanguage":"pl-PL","@id":"https:\/\/halotan.net\/pl\/#\/schema\/logo\/image\/","url":"https:\/\/halotan.net\/pl\/wp-content\/uploads\/sites\/2\/2024\/11\/cropped-halotan-records-logo.png","contentUrl":"https:\/\/halotan.net\/pl\/wp-content\/uploads\/sites\/2\/2024\/11\/cropped-halotan-records-logo.png","width":534,"height":174,"caption":"Halotan Records PL"},"image":{"@id":"https:\/\/halotan.net\/pl\/#\/schema\/logo\/image\/"},"sameAs":["https:\/\/www.facebook.com\/halotan","https:\/\/youtube.com\/@halotanrecords"]}]}},"_links":{"self":[{"href":"https:\/\/halotan.net\/pl\/wp-json\/wp\/v2\/pages\/4644","targetHints":{"allow":["GET"]}}],"collection":[{"href":"https:\/\/halotan.net\/pl\/wp-json\/wp\/v2\/pages"}],"about":[{"href":"https:\/\/halotan.net\/pl\/wp-json\/wp\/v2\/types\/page"}],"author":[{"embeddable":true,"href":"https:\/\/halotan.net\/pl\/wp-json\/wp\/v2\/users\/1"}],"replies":[{"embeddable":true,"href":"https:\/\/halotan.net\/pl\/wp-json\/wp\/v2\/comments?post=4644"}],"version-history":[{"count":19,"href":"https:\/\/halotan.net\/pl\/wp-json\/wp\/v2\/pages\/4644\/revisions"}],"predecessor-version":[{"id":4686,"href":"https:\/\/halotan.net\/pl\/wp-json\/wp\/v2\/pages\/4644\/revisions\/4686"}],"wp:featuredmedia":[{"embeddable":true,"href":"https:\/\/halotan.net\/pl\/wp-json\/wp\/v2\/media\/2571"}],"wp:attachment":[{"href":"https:\/\/halotan.net\/pl\/wp-json\/wp\/v2\/media?parent=4644"}],"curies":[{"name":"wp","href":"https:\/\/api.w.org\/{rel}","templated":true}]}}