{"id":4648,"date":"2024-11-21T20:23:39","date_gmt":"2024-11-21T20:23:39","guid":{"rendered":"http:\/\/h.local\/pl\/?page_id=4648"},"modified":"2026-01-28T17:44:48","modified_gmt":"2026-01-28T17:44:48","slug":"kontakt","status":"publish","type":"page","link":"https:\/\/halotan.net\/pl\/kontakt","title":{"rendered":"Kontakt"},"content":{"rendered":"\n<p>\u017beby skontaktowa\u0107 si\u0119 z nami wy\u015blij nam DM <a href=\"https:\/\/www.facebook.com\/halotan\">przez nasz\u0105 stron\u0119 na Fejsie<\/a> albo <a href=\"https:\/\/www.tiktok.com\/@halotanrecords\">Tiktoku.<\/a><\/p>\n\n\n\n<p><\/p>\n","protected":false},"excerpt":{"rendered":"<p>\u017beby skontaktowa\u0107 si\u0119 z nami wy\u015blij nam DM przez nasz\u0105 stron\u0119 na Fejsie albo Tiktoku.<\/p>\n","protected":false},"author":1,"featured_media":0,"parent":0,"menu_order":0,"comment_status":"closed","ping_status":"closed","template":"","meta":{"site-sidebar-layout":"default","site-content-layout":"","ast-site-content-layout":"default","site-content-style":"default","site-sidebar-style":"default","ast-global-header-display":"","ast-banner-title-visibility":"","ast-main-header-display":"","ast-hfb-above-header-display":"","ast-hfb-below-header-display":"","ast-hfb-mobile-header-display":"","site-post-title":"","ast-breadcrumbs-content":"","ast-featured-img":"","footer-sml-layout":"","ast-disable-related-posts":"","theme-transparent-header-meta":"","adv-header-id-meta":"","stick-header-meta":"","header-above-stick-meta":"","header-main-stick-meta":"","header-below-stick-meta":"","astra-migrate-meta-layouts":"default","ast-page-background-enabled":"default","ast-page-background-meta":{"desktop":{"background-color":"var(--ast-global-color-4)","background-image":"","background-repeat":"repeat","background-position":"center center","background-size":"auto","background-attachment":"scroll","background-type":"","background-media":"","overlay-type":"","overlay-color":"","overlay-opacity":"","overlay-gradient":""},"tablet":{"background-color":"","background-image":"","background-repeat":"repeat","background-position":"center center","background-size":"auto","background-attachment":"scroll","background-type":"","background-media":"","overlay-type":"","overlay-color":"","overlay-opacity":"","overlay-gradient":""},"mobile":{"background-color":"","background-image":"","background-repeat":"repeat","background-position":"center center","background-size":"auto","background-attachment":"scroll","background-type":"","background-media":"","overlay-type":"","overlay-color":"","overlay-opacity":"","overlay-gradient":""}},"ast-content-background-meta":{"desktop":{"background-color":"var(--ast-global-color-5)","background-image":"","background-repeat":"repeat","background-position":"center center","background-size":"auto","background-attachment":"scroll","background-type":"","background-media":"","overlay-type":"","overlay-color":"","overlay-opacity":"","overlay-gradient":""},"tablet":{"background-color":"var(--ast-global-color-5)","background-image":"","background-repeat":"repeat","background-position":"center center","background-size":"auto","background-attachment":"scroll","background-type":"","background-media":"","overlay-type":"","overlay-color":"","overlay-opacity":"","overlay-gradient":""},"mobile":{"background-color":"var(--ast-global-color-5)","background-image":"","background-repeat":"repeat","background-position":"center center","background-size":"auto","background-attachment":"scroll","background-type":"","background-media":"","overlay-type":"","overlay-color":"","overlay-opacity":"","overlay-gradient":""}},"footnotes":""},"class_list":["post-4648","page","type-page","status-publish","hentry"],"yoast_head":"<!-- This site is optimized with the Yoast SEO plugin v27.0 - https:\/\/yoast.com\/product\/yoast-seo-wordpress\/ -->\n<title>Kontakt - Halotan Records PL<\/title>\n<meta name=\"robots\" content=\"index, follow, max-snippet:-1, max-image-preview:large, max-video-preview:-1\" \/>\n<link rel=\"canonical\" href=\"https:\/\/halotan.net\/pl\/kontakt\" \/>\n<meta property=\"og:locale\" content=\"pl_PL\" \/>\n<meta property=\"og:type\" content=\"article\" \/>\n<meta property=\"og:title\" content=\"Kontakt - Halotan Records PL\" \/>\n<meta property=\"og:description\" content=\"\u017beby skontaktowa\u0107 si\u0119 z nami wy\u015blij nam DM przez nasz\u0105 stron\u0119 na Fejsie albo Tiktoku.\" \/>\n<meta property=\"og:url\" content=\"https:\/\/halotan.net\/pl\/kontakt\" \/>\n<meta property=\"og:site_name\" content=\"Halotan Records PL\" \/>\n<meta property=\"article:publisher\" content=\"https:\/\/www.facebook.com\/halotan\" \/>\n<meta property=\"article:modified_time\" content=\"2026-01-28T17:44:48+00:00\" \/>\n<meta name=\"twitter:card\" content=\"summary_large_image\" \/>\n<meta name=\"twitter:label1\" content=\"Szacowany czas czytania\" \/>\n\t<meta name=\"twitter:data1\" content=\"1 minuta\" \/>\n<script type=\"application\/ld+json\" class=\"yoast-schema-graph\">{\"@context\":\"https:\/\/schema.org\",\"@graph\":[{\"@type\":\"WebPage\",\"@id\":\"https:\/\/halotan.net\/pl\/kontakt\",\"url\":\"https:\/\/halotan.net\/pl\/kontakt\",\"name\":\"Kontakt - Halotan Records PL\",\"isPartOf\":{\"@id\":\"https:\/\/halotan.net\/pl\/#website\"},\"datePublished\":\"2024-11-21T20:23:39+00:00\",\"dateModified\":\"2026-01-28T17:44:48+00:00\",\"breadcrumb\":{\"@id\":\"https:\/\/halotan.net\/pl\/kontakt#breadcrumb\"},\"inLanguage\":\"pl-PL\",\"potentialAction\":[{\"@type\":\"ReadAction\",\"target\":[\"https:\/\/halotan.net\/pl\/kontakt\"]}]},{\"@type\":\"BreadcrumbList\",\"@id\":\"https:\/\/halotan.net\/pl\/kontakt#breadcrumb\",\"itemListElement\":[{\"@type\":\"ListItem\",\"position\":1,\"name\":\"Home\",\"item\":\"https:\/\/halotan.net\/pl\"},{\"@type\":\"ListItem\",\"position\":2,\"name\":\"Kontakt\"}]},{\"@type\":\"WebSite\",\"@id\":\"https:\/\/halotan.net\/pl\/#website\",\"url\":\"https:\/\/halotan.net\/pl\/\",\"name\":\"Halotan Records PL\",\"description\":\"\",\"publisher\":{\"@id\":\"https:\/\/halotan.net\/pl\/#organization\"},\"potentialAction\":[{\"@type\":\"SearchAction\",\"target\":{\"@type\":\"EntryPoint\",\"urlTemplate\":\"https:\/\/halotan.net\/pl\/?s={search_term_string}\"},\"query-input\":{\"@type\":\"PropertyValueSpecification\",\"valueRequired\":true,\"valueName\":\"search_term_string\"}}],\"inLanguage\":\"pl-PL\"},{\"@type\":\"Organization\",\"@id\":\"https:\/\/halotan.net\/pl\/#organization\",\"name\":\"Halotan Records PL\",\"url\":\"https:\/\/halotan.net\/pl\/\",\"logo\":{\"@type\":\"ImageObject\",\"inLanguage\":\"pl-PL\",\"@id\":\"https:\/\/halotan.net\/pl\/#\/schema\/logo\/image\/\",\"url\":\"https:\/\/halotan.net\/pl\/wp-content\/uploads\/sites\/2\/2024\/11\/cropped-halotan-records-logo.png\",\"contentUrl\":\"https:\/\/halotan.net\/pl\/wp-content\/uploads\/sites\/2\/2024\/11\/cropped-halotan-records-logo.png\",\"width\":534,\"height\":174,\"caption\":\"Halotan Records PL\"},\"image\":{\"@id\":\"https:\/\/halotan.net\/pl\/#\/schema\/logo\/image\/\"},\"sameAs\":[\"https:\/\/www.facebook.com\/halotan\",\"https:\/\/youtube.com\/@halotanrecords\"]}]}<\/script>\n<!-- \/ Yoast SEO plugin. -->","yoast_head_json":{"title":"Kontakt - Halotan Records PL","robots":{"index":"index","follow":"follow","max-snippet":"max-snippet:-1","max-image-preview":"max-image-preview:large","max-video-preview":"max-video-preview:-1"},"canonical":"https:\/\/halotan.net\/pl\/kontakt","og_locale":"pl_PL","og_type":"article","og_title":"Kontakt - Halotan Records PL","og_description":"\u017beby skontaktowa\u0107 si\u0119 z nami wy\u015blij nam DM przez nasz\u0105 stron\u0119 na Fejsie albo Tiktoku.","og_url":"https:\/\/halotan.net\/pl\/kontakt","og_site_name":"Halotan Records PL","article_publisher":"https:\/\/www.facebook.com\/halotan","article_modified_time":"2026-01-28T17:44:48+00:00","twitter_card":"summary_large_image","twitter_misc":{"Szacowany czas czytania":"1 minuta"},"schema":{"@context":"https:\/\/schema.org","@graph":[{"@type":"WebPage","@id":"https:\/\/halotan.net\/pl\/kontakt","url":"https:\/\/halotan.net\/pl\/kontakt","name":"Kontakt - Halotan Records PL","isPartOf":{"@id":"https:\/\/halotan.net\/pl\/#website"},"datePublished":"2024-11-21T20:23:39+00:00","dateModified":"2026-01-28T17:44:48+00:00","breadcrumb":{"@id":"https:\/\/halotan.net\/pl\/kontakt#breadcrumb"},"inLanguage":"pl-PL","potentialAction":[{"@type":"ReadAction","target":["https:\/\/halotan.net\/pl\/kontakt"]}]},{"@type":"BreadcrumbList","@id":"https:\/\/halotan.net\/pl\/kontakt#breadcrumb","itemListElement":[{"@type":"ListItem","position":1,"name":"Home","item":"https:\/\/halotan.net\/pl"},{"@type":"ListItem","position":2,"name":"Kontakt"}]},{"@type":"WebSite","@id":"https:\/\/halotan.net\/pl\/#website","url":"https:\/\/halotan.net\/pl\/","name":"Halotan Records PL","description":"","publisher":{"@id":"https:\/\/halotan.net\/pl\/#organization"},"potentialAction":[{"@type":"SearchAction","target":{"@type":"EntryPoint","urlTemplate":"https:\/\/halotan.net\/pl\/?s={search_term_string}"},"query-input":{"@type":"PropertyValueSpecification","valueRequired":true,"valueName":"search_term_string"}}],"inLanguage":"pl-PL"},{"@type":"Organization","@id":"https:\/\/halotan.net\/pl\/#organization","name":"Halotan Records PL","url":"https:\/\/halotan.net\/pl\/","logo":{"@type":"ImageObject","inLanguage":"pl-PL","@id":"https:\/\/halotan.net\/pl\/#\/schema\/logo\/image\/","url":"https:\/\/halotan.net\/pl\/wp-content\/uploads\/sites\/2\/2024\/11\/cropped-halotan-records-logo.png","contentUrl":"https:\/\/halotan.net\/pl\/wp-content\/uploads\/sites\/2\/2024\/11\/cropped-halotan-records-logo.png","width":534,"height":174,"caption":"Halotan Records PL"},"image":{"@id":"https:\/\/halotan.net\/pl\/#\/schema\/logo\/image\/"},"sameAs":["https:\/\/www.facebook.com\/halotan","https:\/\/youtube.com\/@halotanrecords"]}]}},"_links":{"self":[{"href":"https:\/\/halotan.net\/pl\/wp-json\/wp\/v2\/pages\/4648","targetHints":{"allow":["GET"]}}],"collection":[{"href":"https:\/\/halotan.net\/pl\/wp-json\/wp\/v2\/pages"}],"about":[{"href":"https:\/\/halotan.net\/pl\/wp-json\/wp\/v2\/types\/page"}],"author":[{"embeddable":true,"href":"https:\/\/halotan.net\/pl\/wp-json\/wp\/v2\/users\/1"}],"replies":[{"embeddable":true,"href":"https:\/\/halotan.net\/pl\/wp-json\/wp\/v2\/comments?post=4648"}],"version-history":[{"count":2,"href":"https:\/\/halotan.net\/pl\/wp-json\/wp\/v2\/pages\/4648\/revisions"}],"predecessor-version":[{"id":4809,"href":"https:\/\/halotan.net\/pl\/wp-json\/wp\/v2\/pages\/4648\/revisions\/4809"}],"wp:attachment":[{"href":"https:\/\/halotan.net\/pl\/wp-json\/wp\/v2\/media?parent=4648"}],"curies":[{"name":"wp","href":"https:\/\/api.w.org\/{rel}","templated":true}]}}